{"id":6554,"date":"2025-04-17T17:06:34","date_gmt":"2025-04-17T17:06:34","guid":{"rendered":"https:\/\/agripubhaiti.org\/?page_id=6554"},"modified":"2025-04-19T13:14:11","modified_gmt":"2025-04-19T13:14:11","slug":"supportez-nous","status":"publish","type":"page","link":"https:\/\/agripubhaiti.org\/?page_id=6554","title":{"rendered":"Supportez-nous"},"content":{"rendered":"\n<div style=\"height:81px\" aria-hidden=\"true\" class=\"wp-block-spacer\"><\/div>\n\n\n\n<div class=\"wp-block-columns is-layout-flex wp-container-core-columns-is-layout-28f84493 wp-block-columns-is-layout-flex\">\n<div class=\"wp-block-column is-layout-flow wp-block-column-is-layout-flow\" style=\"flex-basis:25%\"><\/div>\n\n\n\n<div class=\"wp-block-column is-layout-flow wp-block-column-is-layout-flow\" style=\"flex-basis:50%\">\n<h2 class=\"wp-block-heading has-text-align-left has-large-font-size\">Aidez-nous \u00e0 maintenir et \u00e0 am\u00e9liorer le site.<\/h2>\n<\/div>\n\n\n\n<div class=\"wp-block-column is-layout-flow wp-block-column-is-layout-flow\" style=\"flex-basis:25%\"><\/div>\n<\/div>\n\n\n\n<div style=\"height:25px\" aria-hidden=\"true\" class=\"wp-block-spacer\"><\/div>\n\n\n\n<div class=\"wp-block-columns is-layout-flex wp-container-core-columns-is-layout-28f84493 wp-block-columns-is-layout-flex\">\n<div class=\"wp-block-column is-layout-flow wp-block-column-is-layout-flow\" style=\"flex-basis:33%\"><\/div>\n\n\n\n<div class=\"wp-block-column is-layout-flow wp-block-column-is-layout-flow\" style=\"flex-basis:50%\"><script src=\"https:\/\/donorbox.org\/widget.js\" type=\"text\/javascript\"><\/script><iframe src=\"https:\/\/donorbox.org\/embed\/supportez-nous-1?show_content=true\" width=\"100%\" style=\"max-width:100%; min-width:100%;\" seamless=\"seamless\" id=\"dbox-form-embed\" name=\"donorbox\" frameborder=\"0\" scrolling=\"no\" allowpaymentrequest><\/iframe>\n<\/div>\n\n\n\n<div class=\"wp-block-column is-layout-flow wp-block-column-is-layout-flow\" style=\"flex-basis:25%\"><\/div>\n<\/div>\n\n\n\n<p><\/p>\n","protected":false},"excerpt":{"rendered":"<p>Aidez-nous \u00e0 maintenir et \u00e0 am\u00e9liorer le site.<\/p>\n","protected":false},"author":1,"featured_media":0,"parent":0,"menu_order":0,"comment_status":"closed","ping_status":"closed","template":"page-no-title","meta":{"footnotes":""},"class_list":["post-6554","page","type-page","status-publish","hentry"],"_links":{"self":[{"href":"https:\/\/agripubhaiti.org\/index.php?rest_route=\/wp\/v2\/pages\/6554","targetHints":{"allow":["GET"]}}],"collection":[{"href":"https:\/\/agripubhaiti.org\/index.php?rest_route=\/wp\/v2\/pages"}],"about":[{"href":"https:\/\/agripubhaiti.org\/index.php?rest_route=\/wp\/v2\/types\/page"}],"author":[{"embeddable":true,"href":"https:\/\/agripubhaiti.org\/index.php?rest_route=\/wp\/v2\/users\/1"}],"replies":[{"embeddable":true,"href":"https:\/\/agripubhaiti.org\/index.php?rest_route=%2Fwp%2Fv2%2Fcomments&post=6554"}],"version-history":[{"count":24,"href":"https:\/\/agripubhaiti.org\/index.php?rest_route=\/wp\/v2\/pages\/6554\/revisions"}],"predecessor-version":[{"id":6607,"href":"https:\/\/agripubhaiti.org\/index.php?rest_route=\/wp\/v2\/pages\/6554\/revisions\/6607"}],"wp:attachment":[{"href":"https:\/\/agripubhaiti.org\/index.php?rest_route=%2Fwp%2Fv2%2Fmedia&parent=6554"}],"curies":[{"name":"wp","href":"https:\/\/api.w.org\/{rel}","templated":true}]}}